{"id":155,"date":"2024-08-29T11:37:12","date_gmt":"2024-08-29T11:37:12","guid":{"rendered":"https:\/\/www.fiestastereo881.com\/?page_id=155"},"modified":"2024-09-02T12:02:34","modified_gmt":"2024-09-02T12:02:34","slug":"facebook-live","status":"publish","type":"page","link":"https:\/\/www.fiestastereo881.com\/?page_id=155","title":{"rendered":"Facebook Live"},"content":{"rendered":"\n<p>Emisi\u00f3n del 2 de septiembre de 2024 &#8211; Enlace Informativo<\/p>\n\n\n\n<iframe loading=\"lazy\" src=\"https:\/\/www.facebook.com\/plugins\/video.php?height=314&#038;href=https%3A%2F%2Fwww.facebook.com%2FFiestaStereo881Fm%2Fvideos%2F1638880110007272%2F&#038;show_text=false&#038;width=560&#038;t=0\" width=\"560\" height=\"314\" style=\"border:none;overflow:hidden\" scrolling=\"no\" frameborder=\"0\" allowfullscreen=\"true\" allow=\"autoplay; clipboard-write; encrypted-media; picture-in-picture; web-share\" allowFullScreen=\"true\"><\/iframe>\n\n\n\n<p>Emisi\u00f3n del 30 de agosto de 2024 &#8211; Enlace Informativo<\/p>\n\n\n\n<iframe loading=\"lazy\" src=\"https:\/\/www.facebook.com\/plugins\/video.php?height=314&#038;href=https%3A%2F%2Fwww.facebook.com%2FFiestaStereo881Fm%2Fvideos%2F1446350556063024%2F&#038;show_text=false&#038;width=560&#038;t=0\" width=\"560\" height=\"314\" style=\"border:none;overflow:hidden\" scrolling=\"no\" frameborder=\"0\" allowfullscreen=\"true\" allow=\"autoplay; clipboard-write; encrypted-media; picture-in-picture; web-share\" allowFullScreen=\"true\"><\/iframe>\n\n\n\n<p>Emisi\u00f3n del 29 de agosto de 2024 &#8211; Enlace Informativo<\/p>\n\n\n\n<iframe loading=\"lazy\" src=\"https:\/\/www.facebook.com\/plugins\/video.php?height=314&#038;href=https%3A%2F%2Fwww.facebook.com%2FFiestaStereo881Fm%2Fvideos%2F1068008174747496%2F&#038;show_text=false&#038;width=560&#038;t=0\" width=\"560\" height=\"314\" style=\"border:none;overflow:hidden\" scrolling=\"no\" frameborder=\"0\" allowfullscreen=\"true\"; clipboard-write; encrypted-media; picture-in-picture; web-share\" allowFullScreen=\"true\"><\/iframe>\n\n\n\n<p>Emisi\u00f3n del 28 de agosto de 2024 &#8211; Enlace Informativo<\/p>\n\n\n\n<iframe loading=\"lazy\" src=\"https:\/\/www.facebook.com\/plugins\/video.php?height=314&#038;href=https%3A%2F%2Fwww.facebook.com%2FFiestaStereo881Fm%2Fvideos%2F1867517473756816%2F&#038;show_text=false&#038;width=560&#038;t=0\" width=\"560\" height=\"314\" style=\"border:none;overflow:hidden\" scrolling=\"no\" frameborder=\"0\" allowfullscreen=\"true\"; clipboard-write; encrypted-media; picture-in-picture; web-share\" allowFullScreen=\"true\"><\/iframe>\n\n\n\n<p><\/p>\n","protected":false},"excerpt":{"rendered":"<p>Emisi\u00f3n del 2 de septiembre de 2024 &#8211; Enlace Informativo Emisi\u00f3n del 30 de agosto de 2024 &#8211; Enlace Informativo Emisi\u00f3n del 29 de agosto de 2024 &#8211; Enlace Informativo<\/p>\n","protected":false},"author":1,"featured_media":0,"parent":0,"menu_order":0,"comment_status":"closed","ping_status":"closed","template":"","meta":{"footnotes":""},"class_list":["post-155","page","type-page","status-publish","hentry"],"_links":{"self":[{"href":"https:\/\/www.fiestastereo881.com\/index.php?rest_route=\/wp\/v2\/pages\/155","targetHints":{"allow":["GET"]}}],"collection":[{"href":"https:\/\/www.fiestastereo881.com\/index.php?rest_route=\/wp\/v2\/pages"}],"about":[{"href":"https:\/\/www.fiestastereo881.com\/index.php?rest_route=\/wp\/v2\/types\/page"}],"author":[{"embeddable":true,"href":"https:\/\/www.fiestastereo881.com\/index.php?rest_route=\/wp\/v2\/users\/1"}],"replies":[{"embeddable":true,"href":"https:\/\/www.fiestastereo881.com\/index.php?rest_route=%2Fwp%2Fv2%2Fcomments&post=155"}],"version-history":[{"count":13,"href":"https:\/\/www.fiestastereo881.com\/index.php?rest_route=\/wp\/v2\/pages\/155\/revisions"}],"predecessor-version":[{"id":239,"href":"https:\/\/www.fiestastereo881.com\/index.php?rest_route=\/wp\/v2\/pages\/155\/revisions\/239"}],"wp:attachment":[{"href":"https:\/\/www.fiestastereo881.com\/index.php?rest_route=%2Fwp%2Fv2%2Fmedia&parent=155"}],"curies":[{"name":"wp","href":"https:\/\/api.w.org\/{rel}","templated":true}]}}