{"id":18,"date":"2024-02-15T21:21:48","date_gmt":"2024-02-15T21:21:48","guid":{"rendered":"https:\/\/www.fiestastereo881.com\/?page_id=18"},"modified":"2024-09-02T14:29:55","modified_gmt":"2024-09-02T14:29:55","slug":"talento","status":"publish","type":"page","link":"https:\/\/www.fiestastereo881.com\/?page_id=18","title":{"rendered":"Talento"},"content":{"rendered":"<div class=\"tmm tmm_246\"><div class=\"tmm_3_columns tmm_wrap tmm_plugin_f\"><span class=\"tmm_two_containers_tablet\"><\/span><div class=\"tmm_container\"><div class=\"tmm_member\" style=\"border-top:#1e73be solid 5px;\"><div class=\"tmm_photo tmm_pic_246_0\" style=\"background: url(https:\/\/www.fiestastereo881.com\/wp-content\/uploads\/2024\/09\/Cesariny.jpg); margin-left: auto; margin-right:auto; background-size:cover !important;\"><\/div><div class=\"tmm_textblock\"><div class=\"tmm_names\"><span class=\"tmm_fname\">Cesar<\/span> <span class=\"tmm_lname\">Hernandez Gomez<\/span><\/div><div class=\"tmm_desc\" style=\"text-align:\"><p>Mas conocido En El Mundo De La Radio como Cesariny Dj, El Del Vacile !! 37 a\u00f1os de edad, Egresado De La Instituci\u00f3n Educativa Julio Pantoja Maldonado. lleva 7 a\u00f1os laborando en Fiesta Stereo 881, donde Se desempe\u00f1a como productor, control, Dj y locutor en varios programas, actualmente en El Show De Fiesta . Su Versatilidad, Estilo, Constancia Y Amor Por La Musica, han consolidado como un Personaje Sobresaliente en el Mundo De La Radio!!<\/p><p>Cesariny Dj El Que Le Pone El Vacile A Tus Tardes.<\/p><\/div><div class=\"tmm_scblock\"><\/div><\/div><\/div><div class=\"tmm_member\" style=\"border-top:#1e73be solid 5px;\"><div class=\"tmm_photo tmm_pic_246_1\" style=\"background: url(https:\/\/www.fiestastereo881.com\/wp-content\/uploads\/2024\/09\/Alonx-scaled.jpg); margin-left: auto; margin-right:auto; background-size:cover !important;\"><\/div><div class=\"tmm_textblock\"><div class=\"tmm_names\"><span class=\"tmm_fname\">Alonso<\/span> <span class=\"tmm_lname\">Sarmiento Z\u00e1rate<\/span><\/div><div class=\"tmm_desc\" style=\"text-align:\"><p>Conocido en el mundo radial como \"Alonx, El Mu\u00f1eco\", 30 a\u00f1os de edad, estudiante de comunicaci\u00f3n social en la Universidad Minuto De Dios, lleva 12 a\u00f1os laborando en Fiesta Stereo 881, donde se desempe\u00f1a como productor, control, DJ y locutor en varios programas, actualmente en \"Ma\u00f1anas De Fiesta\". Su polifac\u00e9tica personalidad, combinada con su amor por la salsa y su actitud alegre y divertida, lo han consolidado como una figura destacada en el medio.<\/p><p>\"El Mu\u00f1eco\" es quien le pone SABOR a tus ma\u00f1anas.<\/p><p>\u00a0<\/p><\/div><div class=\"tmm_scblock\"><\/div><\/div><\/div><div style=\"clear:both;\"><\/div><\/div><\/div><\/div>\n","protected":false},"excerpt":{"rendered":"","protected":false},"author":1,"featured_media":0,"parent":0,"menu_order":0,"comment_status":"closed","ping_status":"closed","template":"","meta":{"footnotes":""},"class_list":["post-18","page","type-page","status-publish","hentry"],"_links":{"self":[{"href":"https:\/\/www.fiestastereo881.com\/index.php?rest_route=\/wp\/v2\/pages\/18","targetHints":{"allow":["GET"]}}],"collection":[{"href":"https:\/\/www.fiestastereo881.com\/index.php?rest_route=\/wp\/v2\/pages"}],"about":[{"href":"https:\/\/www.fiestastereo881.com\/index.php?rest_route=\/wp\/v2\/types\/page"}],"author":[{"embeddable":true,"href":"https:\/\/www.fiestastereo881.com\/index.php?rest_route=\/wp\/v2\/users\/1"}],"replies":[{"embeddable":true,"href":"https:\/\/www.fiestastereo881.com\/index.php?rest_route=%2Fwp%2Fv2%2Fcomments&post=18"}],"version-history":[{"count":4,"href":"https:\/\/www.fiestastereo881.com\/index.php?rest_route=\/wp\/v2\/pages\/18\/revisions"}],"predecessor-version":[{"id":252,"href":"https:\/\/www.fiestastereo881.com\/index.php?rest_route=\/wp\/v2\/pages\/18\/revisions\/252"}],"wp:attachment":[{"href":"https:\/\/www.fiestastereo881.com\/index.php?rest_route=%2Fwp%2Fv2%2Fmedia&parent=18"}],"curies":[{"name":"wp","href":"https:\/\/api.w.org\/{rel}","templated":true}]}}