{"id":20,"date":"2024-02-15T21:21:48","date_gmt":"2024-02-15T21:21:48","guid":{"rendered":"https:\/\/www.fiestastereo881.com\/?page_id=20"},"modified":"2024-09-02T14:36:26","modified_gmt":"2024-09-02T14:36:26","slug":"programas","status":"publish","type":"page","link":"https:\/\/www.fiestastereo881.com\/?page_id=20","title":{"rendered":"Programas"},"content":{"rendered":"<div class=\"tmm tmm_programas\"><div class=\"tmm_1_columns tmm_wrap tmm_plugin_f\"><span class=\"tmm_two_containers_tablet\"><\/span><div class=\"tmm_container\"><div class=\"tmm_member\" style=\"border-top:#1e73be solid 5px;\"><div class=\"tmm_photo tmm_pic_programas_0\" style=\"background: url(https:\/\/www.fiestastereo881.com\/wp-content\/uploads\/2024\/09\/Dra-Eliana-Coba-scaled.jpg); margin-left: auto; margin-right:auto; background-size:cover !important;\"><\/div><div class=\"tmm_textblock\"><div class=\"tmm_names\"><span class=\"tmm_fname\">Mas que vencedores<\/span> <\/div><div class=\"tmm_desc\" style=\"text-align:\"><p>Naci\u00f3 en el coraz\u00f3n de Dios, para todos los baranoeros, desde hace mas de once a\u00f1os, hemos llevado un mensaje, inspirado en la palabra de Dios, que te invita a vencer con la esperanza puesta en el se\u00f1or Jesucristo, desde las seis de la ma\u00f1ana, treinta minutos de reflexi\u00f3n, que alimentan tu fe y tu esp\u00edritu, que te llenan de esperanza a ver mas all\u00e1 de tus propias necesidades y caminar por encima de las circunstancias dif\u00edciles Donde el \u00fanico protagonista es Dios a trav\u00e9s de tu vida.<\/p><p><strong>Conduce y Dirige:<\/strong> Eliana Coba soy hija, madre, esposa, abogada y pastora de la iglesia Vida Nueva, con un llamado de llevar el mensaje de Dios a todos los baranoeros, que ama con pasi\u00f3n llevar la palabra de Dios.<\/p><\/div><div class=\"tmm_scblock\"><\/div><\/div><\/div><\/div><span class=\"tmm_columns_containers_desktop\"><\/span><div class=\"tmm_container\"><div class=\"tmm_member\" style=\"border-top:#1e73be solid 5px;\"><div class=\"tmm_photo tmm_pic_programas_1\" style=\"background: url(https:\/\/www.fiestastereo881.com\/wp-content\/uploads\/2024\/09\/Tomas.jpg); margin-left: auto; margin-right:auto; background-size:cover !important;\"><\/div><div class=\"tmm_textblock\"><div class=\"tmm_names\"><span class=\"tmm_fname\">Sonora, Billos y Algo M\u00e1s<\/span> <\/div><div class=\"tmm_desc\" style=\"text-align:\"><p>Es un programa did\u00e1ctico musical que se trasmite por Fiesta Stereo 88.1 FM de Baranoa, Atl\u00e1ntico, todos los s\u00e1bados de 8:00 de la ma\u00f1ana a 9 y 30 a.m. desde 2019.<br \/>El equipo que tiene a su cargo este programa radial, esta formado por la coordinadora Carmi\u00f1a Estrada, la experimentada periodista Eliana Llanos, el Dj., y productor de sonido, Alonso Sarmiento Z\u00e1rate, con mucha experiencia, y actualmente estudiante de periodismo, y lo dirige Tom\u00e1s Nieto Silvera, periodista, exvicepresidente del Colegio Nacional de Periodista, Seccional Barranquilla, y hoy miembro de la Organizaci\u00f3n de Periodistas Independientes de Colombia Opicol.<br \/>Su objetivo, es mantener y difundir la m\u00fasica en todos sus g\u00e9neros de las dos grandes orquestas, la Sonora Matancera de Cuba y la Billos Caracas Boys de Venezuela. Adem\u00e1s, en su secci\u00f3n de algo m\u00e1s, la m\u00fasica colombiana y de otras partes del mundo.<br \/>Es un programa activo, donde su sinton\u00eda es total, ya que los oyentes participan con sus peticiones musicales, solicitan lectura de cumplea\u00f1os y dem\u00e1s notas sociales. A veces, el tiempo asignado al programa no alcanza para complacer a todos los oyentes.<\/p><\/div><div class=\"tmm_scblock\"><\/div><\/div><\/div><div style=\"clear:both;\"><\/div><\/div><\/div><\/div>\n","protected":false},"excerpt":{"rendered":"","protected":false},"author":1,"featured_media":0,"parent":0,"menu_order":0,"comment_status":"closed","ping_status":"closed","template":"","meta":{"footnotes":""},"class_list":["post-20","page","type-page","status-publish","hentry"],"_links":{"self":[{"href":"https:\/\/www.fiestastereo881.com\/index.php?rest_route=\/wp\/v2\/pages\/20","targetHints":{"allow":["GET"]}}],"collection":[{"href":"https:\/\/www.fiestastereo881.com\/index.php?rest_route=\/wp\/v2\/pages"}],"about":[{"href":"https:\/\/www.fiestastereo881.com\/index.php?rest_route=\/wp\/v2\/types\/page"}],"author":[{"embeddable":true,"href":"https:\/\/www.fiestastereo881.com\/index.php?rest_route=\/wp\/v2\/users\/1"}],"replies":[{"embeddable":true,"href":"https:\/\/www.fiestastereo881.com\/index.php?rest_route=%2Fwp%2Fv2%2Fcomments&post=20"}],"version-history":[{"count":5,"href":"https:\/\/www.fiestastereo881.com\/index.php?rest_route=\/wp\/v2\/pages\/20\/revisions"}],"predecessor-version":[{"id":255,"href":"https:\/\/www.fiestastereo881.com\/index.php?rest_route=\/wp\/v2\/pages\/20\/revisions\/255"}],"wp:attachment":[{"href":"https:\/\/www.fiestastereo881.com\/index.php?rest_route=%2Fwp%2Fv2%2Fmedia&parent=20"}],"curies":[{"name":"wp","href":"https:\/\/api.w.org\/{rel}","templated":true}]}}